{"id":13739,"date":"2025-07-26T20:40:05","date_gmt":"2025-07-26T20:40:05","guid":{"rendered":"https:\/\/connectprint.md\/?post_type=product&#038;p=13739"},"modified":"2025-07-26T20:41:57","modified_gmt":"2025-07-26T20:41:57","slug":"steag-picatura","status":"publish","type":"product","link":"https:\/\/connectprint.md\/?product=steag-picatura","title":{"rendered":"Steag Picatur\u0103"},"content":{"rendered":"<p>Drop Display este echipat cu o\u00a0<b>structur\u0103 din aluminiu<\/b>\u00a0u\u0219oar\u0103, dar rezistent\u0103 \u0219i o\u00a0<b>p\u00e2nz\u0103 de steag<\/b>\u00a0de 115 gr. Este o \u021bes\u0103tur\u0103 realizat\u0103 pentru a rezista la impactul v\u00e2ntului \u00een medii exterioare, datorit\u0103 \u021bes\u0103turii largi din care este realizat\u0103, \u0219i capabil\u0103 s\u0103 asigure o calitate foarte ridicat\u0103 a imprim\u0103rii. Depinde de tine sa alegi formatul pe care il preferi, dintre cele 3 disponibile:<\/p>\n<ul>\n<li><b>S:\u00a0<\/b>latime 75cm, inaltime maxima 175cm<\/li>\n<li><b>M:\u00a0<\/b>latime 85cm, inaltime maxima 270cm<\/li>\n<li><b>L:\u00a0<\/b>latime 100cm, inaltime maxima 395cm<\/li>\n<\/ul>\n<p>Iar \u00een func\u021bie de scopul utiliz\u0103rii steagului, pute\u021bi selecta cea mai potrivit\u0103 baz\u0103 de sprijin:<\/p>\n<ul>\n<li><b>Cruce<\/b>: cu o form\u0103 special\u0103 de X, capabil\u0103 s\u0103 asigure o stabilitate mare.<\/li>\n<li><b>Baionet\u0103<\/b>: echipat cu un v\u00e2rf de o\u021bel dublu \u0219i \u0219tift rotativ pentru arbore, este potrivit pentru soluri nisipoase sau ierboase.<\/li>\n<li><b>Display Stand Suport<\/b>: este recomandat pentru suprafete plane, cu cuie in forma de L care asigur\u0103 o stabilitate mai bun\u0103 \u0219i un ac rotativ pentru instalarea usoara a steagului.<\/li>\n<li><b>Water Tank<\/b>: poate fi umplut cu nisip sau ap\u0103 \u0219i este echipat \u0219i cu chei \u00een form\u0103 de L \u0219i un \u0219tift rotativ. Prezen\u021ba unui arc flexibil permite structurii s\u0103 reziste v\u00e2ntului chiar \u0219i la intensitate mare.<\/li>\n<\/ul>\n","protected":false},"excerpt":{"rendered":"<p>Drop Display este echipat cu o\u00a0structur\u0103 din aluminiu\u00a0u\u0219oar\u0103, dar rezistent\u0103 \u0219i o\u00a0p\u00e2nz\u0103 de steag\u00a0de 115 gr. Este o \u021bes\u0103tur\u0103 realizat\u0103 pentru a rezista la impactul v\u00e2ntului \u00een medii exterioare, datorit\u0103 \u021bes\u0103turii largi din care este realizat\u0103, \u0219i capabil\u0103 s\u0103 asigure o calitate foarte ridicat\u0103 a imprim\u0103rii. Depinde de tine sa alegi formatul pe care il preferi, dintre cele 3 disponibile: S:\u00a0latime 75cm, inaltime maxima 175cm M:\u00a0latime 85cm, inaltime maxima 270cm L:\u00a0latime 100cm, inaltime maxima 395cm Iar \u00een func\u021bie de scopul utiliz\u0103rii steagului, pute\u021bi selecta cea mai potrivit\u0103 baz\u0103 de sprijin: Cruce: cu o form\u0103 special\u0103 de X, capabil\u0103 s\u0103 asigure o stabilitate mare. Baionet\u0103: echipat cu un v\u00e2rf de o\u021bel dublu \u0219i \u0219tift rotativ pentru arbore, este potrivit pentru soluri nisipoase sau ierboase. Display Stand Suport: este recomandat pentru suprafete plane, cu cuie in forma de L care asigur\u0103 o stabilitate mai bun\u0103 \u0219i un ac rotativ pentru instalarea usoara a steagului. Water Tank: poate fi umplut cu nisip sau ap\u0103 \u0219i este echipat \u0219i cu chei \u00een form\u0103 de L \u0219i un \u0219tift rotativ. Prezen\u021ba unui arc flexibil permite structurii s\u0103 reziste v\u00e2ntului chiar \u0219i la intensitate mare.<\/p>\n","protected":false},"featured_media":13743,"comment_status":"closed","ping_status":"closed","template":"","meta":[],"product_brand":[],"product_cat":[15,72],"product_tag":[],"class_list":{"0":"post-13739","1":"product","2":"type-product","3":"status-publish","4":"has-post-thumbnail","6":"product_cat-fara-categorie","7":"product_cat-stegulete_si_fanioane","9":"first","10":"instock","11":"shipping-taxable","12":"purchasable","13":"product-type-variable","14":"has-default-attributes","15":"add-to-wishlist-after_add_to_cart"},"yoast_head":"<!-- This site is optimized with the Yoast SEO plugin v26.2 - https:\/\/yoast.com\/wordpress\/plugins\/seo\/ -->\n<title>Steag Picatur\u0103 - ConnectPRINT<\/title>\n<meta name=\"description\" content=\"Steag Picatur\u0103\" \/>\n<meta name=\"robots\" content=\"index, follow, max-snippet:-1, max-image-preview:large, max-video-preview:-1\" \/>\n<link rel=\"canonical\" href=\"https:\/\/connectprint.md\/?product=steag-picatura\" \/>\n<meta property=\"og:locale\" content=\"ro_RO\" \/>\n<meta property=\"og:type\" content=\"article\" \/>\n<meta property=\"og:title\" content=\"Steag Picatur\u0103 - ConnectPRINT\" \/>\n<meta property=\"og:description\" content=\"Steag Picatur\u0103\" \/>\n<meta property=\"og:url\" content=\"https:\/\/connectprint.md\/?product=steag-picatura\" \/>\n<meta property=\"og:site_name\" content=\"ConnectPRINT\" \/>\n<meta property=\"article:modified_time\" content=\"2025-07-26T20:41:57+00:00\" \/>\n<meta property=\"og:image\" content=\"https:\/\/connectprint.md\/wp-content\/uploads\/2025\/07\/1-11.png\" \/>\n\t<meta property=\"og:image:width\" content=\"405\" \/>\n\t<meta property=\"og:image:height\" content=\"542\" \/>\n\t<meta property=\"og:image:type\" content=\"image\/png\" \/>\n<meta name=\"twitter:card\" content=\"summary_large_image\" \/>\n<meta name=\"twitter:label1\" content=\"Timp estimat pentru citire\" \/>\n\t<meta name=\"twitter:data1\" content=\"2 minute\" \/>\n<script type=\"application\/ld+json\" class=\"yoast-schema-graph\">{\"@context\":\"https:\/\/schema.org\",\"@graph\":[{\"@type\":\"WebPage\",\"@id\":\"https:\/\/connectprint.md\/?product=steag-picatura\",\"url\":\"https:\/\/connectprint.md\/?product=steag-picatura\",\"name\":\"Steag Picatur\u0103 - ConnectPRINT\",\"isPartOf\":{\"@id\":\"https:\/\/connectprint.md\/#website\"},\"primaryImageOfPage\":{\"@id\":\"https:\/\/connectprint.md\/?product=steag-picatura#primaryimage\"},\"image\":{\"@id\":\"https:\/\/connectprint.md\/?product=steag-picatura#primaryimage\"},\"thumbnailUrl\":\"https:\/\/connectprint.md\/wp-content\/uploads\/2025\/07\/1-11.png\",\"datePublished\":\"2025-07-26T20:40:05+00:00\",\"dateModified\":\"2025-07-26T20:41:57+00:00\",\"description\":\"Steag Picatur\u0103\",\"breadcrumb\":{\"@id\":\"https:\/\/connectprint.md\/?product=steag-picatura#breadcrumb\"},\"inLanguage\":\"ro-RO\",\"potentialAction\":[{\"@type\":\"ReadAction\",\"target\":[\"https:\/\/connectprint.md\/?product=steag-picatura\"]}]},{\"@type\":\"ImageObject\",\"inLanguage\":\"ro-RO\",\"@id\":\"https:\/\/connectprint.md\/?product=steag-picatura#primaryimage\",\"url\":\"https:\/\/connectprint.md\/wp-content\/uploads\/2025\/07\/1-11.png\",\"contentUrl\":\"https:\/\/connectprint.md\/wp-content\/uploads\/2025\/07\/1-11.png\",\"width\":405,\"height\":542},{\"@type\":\"BreadcrumbList\",\"@id\":\"https:\/\/connectprint.md\/?product=steag-picatura#breadcrumb\",\"itemListElement\":[{\"@type\":\"ListItem\",\"position\":1,\"name\":\"Prima pagin\u0103\",\"item\":\"https:\/\/connectprint.md\/\"},{\"@type\":\"ListItem\",\"position\":2,\"name\":\"Magazin\",\"item\":\"https:\/\/connectprint.md\/?page_id=6\"},{\"@type\":\"ListItem\",\"position\":3,\"name\":\"Steag Picatur\u0103\"}]},{\"@type\":\"WebSite\",\"@id\":\"https:\/\/connectprint.md\/#website\",\"url\":\"https:\/\/connectprint.md\/\",\"name\":\"ConnectPRINT\",\"description\":\"\",\"publisher\":{\"@id\":\"https:\/\/connectprint.md\/#organization\"},\"potentialAction\":[{\"@type\":\"SearchAction\",\"target\":{\"@type\":\"EntryPoint\",\"urlTemplate\":\"https:\/\/connectprint.md\/?s={search_term_string}\"},\"query-input\":{\"@type\":\"PropertyValueSpecification\",\"valueRequired\":true,\"valueName\":\"search_term_string\"}}],\"inLanguage\":\"ro-RO\"},{\"@type\":\"Organization\",\"@id\":\"https:\/\/connectprint.md\/#organization\",\"name\":\"ConnectPRINT\",\"url\":\"https:\/\/connectprint.md\/\",\"logo\":{\"@type\":\"ImageObject\",\"inLanguage\":\"ro-RO\",\"@id\":\"https:\/\/connectprint.md\/#\/schema\/logo\/image\/\",\"url\":\"https:\/\/connectprint.md\/wp-content\/uploads\/2025\/07\/pentru-ico.png\",\"contentUrl\":\"https:\/\/connectprint.md\/wp-content\/uploads\/2025\/07\/pentru-ico.png\",\"width\":474,\"height\":526,\"caption\":\"ConnectPRINT\"},\"image\":{\"@id\":\"https:\/\/connectprint.md\/#\/schema\/logo\/image\/\"}}]}<\/script>\n<!-- \/ Yoast SEO plugin. -->","yoast_head_json":{"title":"Steag Picatur\u0103 - ConnectPRINT","description":"Steag Picatur\u0103","robots":{"index":"index","follow":"follow","max-snippet":"max-snippet:-1","max-image-preview":"max-image-preview:large","max-video-preview":"max-video-preview:-1"},"canonical":"https:\/\/connectprint.md\/?product=steag-picatura","og_locale":"ro_RO","og_type":"article","og_title":"Steag Picatur\u0103 - ConnectPRINT","og_description":"Steag Picatur\u0103","og_url":"https:\/\/connectprint.md\/?product=steag-picatura","og_site_name":"ConnectPRINT","article_modified_time":"2025-07-26T20:41:57+00:00","og_image":[{"width":405,"height":542,"url":"https:\/\/connectprint.md\/wp-content\/uploads\/2025\/07\/1-11.png","type":"image\/png"}],"twitter_card":"summary_large_image","twitter_misc":{"Timp estimat pentru citire":"2 minute"},"schema":{"@context":"https:\/\/schema.org","@graph":[{"@type":"WebPage","@id":"https:\/\/connectprint.md\/?product=steag-picatura","url":"https:\/\/connectprint.md\/?product=steag-picatura","name":"Steag Picatur\u0103 - ConnectPRINT","isPartOf":{"@id":"https:\/\/connectprint.md\/#website"},"primaryImageOfPage":{"@id":"https:\/\/connectprint.md\/?product=steag-picatura#primaryimage"},"image":{"@id":"https:\/\/connectprint.md\/?product=steag-picatura#primaryimage"},"thumbnailUrl":"https:\/\/connectprint.md\/wp-content\/uploads\/2025\/07\/1-11.png","datePublished":"2025-07-26T20:40:05+00:00","dateModified":"2025-07-26T20:41:57+00:00","description":"Steag Picatur\u0103","breadcrumb":{"@id":"https:\/\/connectprint.md\/?product=steag-picatura#breadcrumb"},"inLanguage":"ro-RO","potentialAction":[{"@type":"ReadAction","target":["https:\/\/connectprint.md\/?product=steag-picatura"]}]},{"@type":"ImageObject","inLanguage":"ro-RO","@id":"https:\/\/connectprint.md\/?product=steag-picatura#primaryimage","url":"https:\/\/connectprint.md\/wp-content\/uploads\/2025\/07\/1-11.png","contentUrl":"https:\/\/connectprint.md\/wp-content\/uploads\/2025\/07\/1-11.png","width":405,"height":542},{"@type":"BreadcrumbList","@id":"https:\/\/connectprint.md\/?product=steag-picatura#breadcrumb","itemListElement":[{"@type":"ListItem","position":1,"name":"Prima pagin\u0103","item":"https:\/\/connectprint.md\/"},{"@type":"ListItem","position":2,"name":"Magazin","item":"https:\/\/connectprint.md\/?page_id=6"},{"@type":"ListItem","position":3,"name":"Steag Picatur\u0103"}]},{"@type":"WebSite","@id":"https:\/\/connectprint.md\/#website","url":"https:\/\/connectprint.md\/","name":"ConnectPRINT","description":"","publisher":{"@id":"https:\/\/connectprint.md\/#organization"},"potentialAction":[{"@type":"SearchAction","target":{"@type":"EntryPoint","urlTemplate":"https:\/\/connectprint.md\/?s={search_term_string}"},"query-input":{"@type":"PropertyValueSpecification","valueRequired":true,"valueName":"search_term_string"}}],"inLanguage":"ro-RO"},{"@type":"Organization","@id":"https:\/\/connectprint.md\/#organization","name":"ConnectPRINT","url":"https:\/\/connectprint.md\/","logo":{"@type":"ImageObject","inLanguage":"ro-RO","@id":"https:\/\/connectprint.md\/#\/schema\/logo\/image\/","url":"https:\/\/connectprint.md\/wp-content\/uploads\/2025\/07\/pentru-ico.png","contentUrl":"https:\/\/connectprint.md\/wp-content\/uploads\/2025\/07\/pentru-ico.png","width":474,"height":526,"caption":"ConnectPRINT"},"image":{"@id":"https:\/\/connectprint.md\/#\/schema\/logo\/image\/"}}]}},"jetpack_sharing_enabled":true,"_links":{"self":[{"href":"https:\/\/connectprint.md\/index.php?rest_route=\/wp\/v2\/product\/13739","targetHints":{"allow":["GET"]}}],"collection":[{"href":"https:\/\/connectprint.md\/index.php?rest_route=\/wp\/v2\/product"}],"about":[{"href":"https:\/\/connectprint.md\/index.php?rest_route=\/wp\/v2\/types\/product"}],"replies":[{"embeddable":true,"href":"https:\/\/connectprint.md\/index.php?rest_route=%2Fwp%2Fv2%2Fcomments&post=13739"}],"wp:featuredmedia":[{"embeddable":true,"href":"https:\/\/connectprint.md\/index.php?rest_route=\/wp\/v2\/media\/13743"}],"wp:attachment":[{"href":"https:\/\/connectprint.md\/index.php?rest_route=%2Fwp%2Fv2%2Fmedia&parent=13739"}],"wp:term":[{"taxonomy":"product_brand","embeddable":true,"href":"https:\/\/connectprint.md\/index.php?rest_route=%2Fwp%2Fv2%2Fproduct_brand&post=13739"},{"taxonomy":"product_cat","embeddable":true,"href":"https:\/\/connectprint.md\/index.php?rest_route=%2Fwp%2Fv2%2Fproduct_cat&post=13739"},{"taxonomy":"product_tag","embeddable":true,"href":"https:\/\/connectprint.md\/index.php?rest_route=%2Fwp%2Fv2%2Fproduct_tag&post=13739"}],"curies":[{"name":"wp","href":"https:\/\/api.w.org\/{rel}","templated":true}]}}