{"id":13672,"date":"2025-07-26T05:48:11","date_gmt":"2025-07-26T05:48:11","guid":{"rendered":"https:\/\/connectprint.md\/?post_type=product&#038;p=13672"},"modified":"2025-07-26T05:53:00","modified_gmt":"2025-07-26T05:53:00","slug":"chipiu-din-panza-100-bumbac","status":"publish","type":"product","link":"https:\/\/connectprint.md\/?product=chipiu-din-panza-100-bumbac","title":{"rendered":"Chipiu din p\u00e2nz\u0103 100% bumbac"},"content":{"rendered":"<ul>\n<li>\n<ul>\n<li>\u0218apc\u0103 din p\u00e2nz\u0103 100% bumbac cu 6 panouri \u0219i ochiuri.<\/li>\n<li>Ajustabil cu catarama metalica.<\/li>\n<li>Dimensiune: 580 mm<\/li>\n<\/ul>\n<\/li>\n<\/ul>\n","protected":false},"excerpt":{"rendered":"<p>\u0218apc\u0103 din p\u00e2nz\u0103 100% bumbac cu 6 panouri \u0219i ochiuri. Ajustabil cu catarama metalica. Dimensiune: 580 mm<\/p>\n","protected":false},"featured_media":13675,"comment_status":"closed","ping_status":"closed","template":"","meta":[],"product_brand":[],"product_cat":[15,67],"product_tag":[],"class_list":{"0":"post-13672","1":"product","2":"type-product","3":"status-publish","4":"has-post-thumbnail","6":"product_cat-fara-categorie","7":"product_cat-chipiuri_personalizate","9":"first","10":"instock","11":"sale","12":"shipping-taxable","13":"purchasable","14":"product-type-variable","15":"has-default-attributes","16":"add-to-wishlist-after_add_to_cart"},"yoast_head":"<!-- This site is optimized with the Yoast SEO plugin v26.2 - https:\/\/yoast.com\/wordpress\/plugins\/seo\/ -->\n<title>Chipiu din p\u00e2nz\u0103 100% bumbac - ConnectPRINT<\/title>\n<meta name=\"description\" content=\"Chipiu din p\u00e2nz\u0103 100% bumbac\" \/>\n<meta name=\"robots\" content=\"index, follow, max-snippet:-1, max-image-preview:large, max-video-preview:-1\" \/>\n<link rel=\"canonical\" href=\"https:\/\/connectprint.md\/?product=chipiu-din-panza-100-bumbac\" \/>\n<meta property=\"og:locale\" content=\"ro_RO\" \/>\n<meta property=\"og:type\" content=\"article\" \/>\n<meta property=\"og:title\" content=\"Chipiu din p\u00e2nz\u0103 100% bumbac - ConnectPRINT\" \/>\n<meta property=\"og:description\" content=\"Chipiu din p\u00e2nz\u0103 100% bumbac\" \/>\n<meta property=\"og:url\" content=\"https:\/\/connectprint.md\/?product=chipiu-din-panza-100-bumbac\" \/>\n<meta property=\"og:site_name\" content=\"ConnectPRINT\" \/>\n<meta property=\"article:modified_time\" content=\"2025-07-26T05:53:00+00:00\" \/>\n<meta property=\"og:image\" content=\"https:\/\/connectprint.md\/wp-content\/uploads\/2025\/07\/set.png\" \/>\n\t<meta property=\"og:image:width\" content=\"551\" \/>\n\t<meta property=\"og:image:height\" content=\"531\" \/>\n\t<meta property=\"og:image:type\" content=\"image\/png\" \/>\n<meta name=\"twitter:card\" content=\"summary_large_image\" \/>\n<meta name=\"twitter:label1\" content=\"Timp estimat pentru citire\" \/>\n\t<meta name=\"twitter:data1\" content=\"1 minut\" \/>\n<script type=\"application\/ld+json\" class=\"yoast-schema-graph\">{\"@context\":\"https:\/\/schema.org\",\"@graph\":[{\"@type\":\"WebPage\",\"@id\":\"https:\/\/connectprint.md\/?product=chipiu-din-panza-100-bumbac\",\"url\":\"https:\/\/connectprint.md\/?product=chipiu-din-panza-100-bumbac\",\"name\":\"Chipiu din p\u00e2nz\u0103 100% bumbac - ConnectPRINT\",\"isPartOf\":{\"@id\":\"https:\/\/connectprint.md\/#website\"},\"primaryImageOfPage\":{\"@id\":\"https:\/\/connectprint.md\/?product=chipiu-din-panza-100-bumbac#primaryimage\"},\"image\":{\"@id\":\"https:\/\/connectprint.md\/?product=chipiu-din-panza-100-bumbac#primaryimage\"},\"thumbnailUrl\":\"https:\/\/connectprint.md\/wp-content\/uploads\/2025\/07\/set.png\",\"datePublished\":\"2025-07-26T05:48:11+00:00\",\"dateModified\":\"2025-07-26T05:53:00+00:00\",\"description\":\"Chipiu din p\u00e2nz\u0103 100% bumbac\",\"breadcrumb\":{\"@id\":\"https:\/\/connectprint.md\/?product=chipiu-din-panza-100-bumbac#breadcrumb\"},\"inLanguage\":\"ro-RO\",\"potentialAction\":[{\"@type\":\"ReadAction\",\"target\":[\"https:\/\/connectprint.md\/?product=chipiu-din-panza-100-bumbac\"]}]},{\"@type\":\"ImageObject\",\"inLanguage\":\"ro-RO\",\"@id\":\"https:\/\/connectprint.md\/?product=chipiu-din-panza-100-bumbac#primaryimage\",\"url\":\"https:\/\/connectprint.md\/wp-content\/uploads\/2025\/07\/set.png\",\"contentUrl\":\"https:\/\/connectprint.md\/wp-content\/uploads\/2025\/07\/set.png\",\"width\":551,\"height\":531},{\"@type\":\"BreadcrumbList\",\"@id\":\"https:\/\/connectprint.md\/?product=chipiu-din-panza-100-bumbac#breadcrumb\",\"itemListElement\":[{\"@type\":\"ListItem\",\"position\":1,\"name\":\"Prima pagin\u0103\",\"item\":\"https:\/\/connectprint.md\/\"},{\"@type\":\"ListItem\",\"position\":2,\"name\":\"Magazin\",\"item\":\"https:\/\/connectprint.md\/?page_id=6\"},{\"@type\":\"ListItem\",\"position\":3,\"name\":\"Chipiu din p\u00e2nz\u0103 100% bumbac\"}]},{\"@type\":\"WebSite\",\"@id\":\"https:\/\/connectprint.md\/#website\",\"url\":\"https:\/\/connectprint.md\/\",\"name\":\"ConnectPRINT\",\"description\":\"\",\"publisher\":{\"@id\":\"https:\/\/connectprint.md\/#organization\"},\"potentialAction\":[{\"@type\":\"SearchAction\",\"target\":{\"@type\":\"EntryPoint\",\"urlTemplate\":\"https:\/\/connectprint.md\/?s={search_term_string}\"},\"query-input\":{\"@type\":\"PropertyValueSpecification\",\"valueRequired\":true,\"valueName\":\"search_term_string\"}}],\"inLanguage\":\"ro-RO\"},{\"@type\":\"Organization\",\"@id\":\"https:\/\/connectprint.md\/#organization\",\"name\":\"ConnectPRINT\",\"url\":\"https:\/\/connectprint.md\/\",\"logo\":{\"@type\":\"ImageObject\",\"inLanguage\":\"ro-RO\",\"@id\":\"https:\/\/connectprint.md\/#\/schema\/logo\/image\/\",\"url\":\"https:\/\/connectprint.md\/wp-content\/uploads\/2025\/07\/pentru-ico.png\",\"contentUrl\":\"https:\/\/connectprint.md\/wp-content\/uploads\/2025\/07\/pentru-ico.png\",\"width\":474,\"height\":526,\"caption\":\"ConnectPRINT\"},\"image\":{\"@id\":\"https:\/\/connectprint.md\/#\/schema\/logo\/image\/\"}}]}<\/script>\n<!-- \/ Yoast SEO plugin. -->","yoast_head_json":{"title":"Chipiu din p\u00e2nz\u0103 100% bumbac - ConnectPRINT","description":"Chipiu din p\u00e2nz\u0103 100% bumbac","robots":{"index":"index","follow":"follow","max-snippet":"max-snippet:-1","max-image-preview":"max-image-preview:large","max-video-preview":"max-video-preview:-1"},"canonical":"https:\/\/connectprint.md\/?product=chipiu-din-panza-100-bumbac","og_locale":"ro_RO","og_type":"article","og_title":"Chipiu din p\u00e2nz\u0103 100% bumbac - ConnectPRINT","og_description":"Chipiu din p\u00e2nz\u0103 100% bumbac","og_url":"https:\/\/connectprint.md\/?product=chipiu-din-panza-100-bumbac","og_site_name":"ConnectPRINT","article_modified_time":"2025-07-26T05:53:00+00:00","og_image":[{"width":551,"height":531,"url":"https:\/\/connectprint.md\/wp-content\/uploads\/2025\/07\/set.png","type":"image\/png"}],"twitter_card":"summary_large_image","twitter_misc":{"Timp estimat pentru citire":"1 minut"},"schema":{"@context":"https:\/\/schema.org","@graph":[{"@type":"WebPage","@id":"https:\/\/connectprint.md\/?product=chipiu-din-panza-100-bumbac","url":"https:\/\/connectprint.md\/?product=chipiu-din-panza-100-bumbac","name":"Chipiu din p\u00e2nz\u0103 100% bumbac - ConnectPRINT","isPartOf":{"@id":"https:\/\/connectprint.md\/#website"},"primaryImageOfPage":{"@id":"https:\/\/connectprint.md\/?product=chipiu-din-panza-100-bumbac#primaryimage"},"image":{"@id":"https:\/\/connectprint.md\/?product=chipiu-din-panza-100-bumbac#primaryimage"},"thumbnailUrl":"https:\/\/connectprint.md\/wp-content\/uploads\/2025\/07\/set.png","datePublished":"2025-07-26T05:48:11+00:00","dateModified":"2025-07-26T05:53:00+00:00","description":"Chipiu din p\u00e2nz\u0103 100% bumbac","breadcrumb":{"@id":"https:\/\/connectprint.md\/?product=chipiu-din-panza-100-bumbac#breadcrumb"},"inLanguage":"ro-RO","potentialAction":[{"@type":"ReadAction","target":["https:\/\/connectprint.md\/?product=chipiu-din-panza-100-bumbac"]}]},{"@type":"ImageObject","inLanguage":"ro-RO","@id":"https:\/\/connectprint.md\/?product=chipiu-din-panza-100-bumbac#primaryimage","url":"https:\/\/connectprint.md\/wp-content\/uploads\/2025\/07\/set.png","contentUrl":"https:\/\/connectprint.md\/wp-content\/uploads\/2025\/07\/set.png","width":551,"height":531},{"@type":"BreadcrumbList","@id":"https:\/\/connectprint.md\/?product=chipiu-din-panza-100-bumbac#breadcrumb","itemListElement":[{"@type":"ListItem","position":1,"name":"Prima pagin\u0103","item":"https:\/\/connectprint.md\/"},{"@type":"ListItem","position":2,"name":"Magazin","item":"https:\/\/connectprint.md\/?page_id=6"},{"@type":"ListItem","position":3,"name":"Chipiu din p\u00e2nz\u0103 100% bumbac"}]},{"@type":"WebSite","@id":"https:\/\/connectprint.md\/#website","url":"https:\/\/connectprint.md\/","name":"ConnectPRINT","description":"","publisher":{"@id":"https:\/\/connectprint.md\/#organization"},"potentialAction":[{"@type":"SearchAction","target":{"@type":"EntryPoint","urlTemplate":"https:\/\/connectprint.md\/?s={search_term_string}"},"query-input":{"@type":"PropertyValueSpecification","valueRequired":true,"valueName":"search_term_string"}}],"inLanguage":"ro-RO"},{"@type":"Organization","@id":"https:\/\/connectprint.md\/#organization","name":"ConnectPRINT","url":"https:\/\/connectprint.md\/","logo":{"@type":"ImageObject","inLanguage":"ro-RO","@id":"https:\/\/connectprint.md\/#\/schema\/logo\/image\/","url":"https:\/\/connectprint.md\/wp-content\/uploads\/2025\/07\/pentru-ico.png","contentUrl":"https:\/\/connectprint.md\/wp-content\/uploads\/2025\/07\/pentru-ico.png","width":474,"height":526,"caption":"ConnectPRINT"},"image":{"@id":"https:\/\/connectprint.md\/#\/schema\/logo\/image\/"}}]}},"jetpack_sharing_enabled":true,"_links":{"self":[{"href":"https:\/\/connectprint.md\/index.php?rest_route=\/wp\/v2\/product\/13672","targetHints":{"allow":["GET"]}}],"collection":[{"href":"https:\/\/connectprint.md\/index.php?rest_route=\/wp\/v2\/product"}],"about":[{"href":"https:\/\/connectprint.md\/index.php?rest_route=\/wp\/v2\/types\/product"}],"replies":[{"embeddable":true,"href":"https:\/\/connectprint.md\/index.php?rest_route=%2Fwp%2Fv2%2Fcomments&post=13672"}],"wp:featuredmedia":[{"embeddable":true,"href":"https:\/\/connectprint.md\/index.php?rest_route=\/wp\/v2\/media\/13675"}],"wp:attachment":[{"href":"https:\/\/connectprint.md\/index.php?rest_route=%2Fwp%2Fv2%2Fmedia&parent=13672"}],"wp:term":[{"taxonomy":"product_brand","embeddable":true,"href":"https:\/\/connectprint.md\/index.php?rest_route=%2Fwp%2Fv2%2Fproduct_brand&post=13672"},{"taxonomy":"product_cat","embeddable":true,"href":"https:\/\/connectprint.md\/index.php?rest_route=%2Fwp%2Fv2%2Fproduct_cat&post=13672"},{"taxonomy":"product_tag","embeddable":true,"href":"https:\/\/connectprint.md\/index.php?rest_route=%2Fwp%2Fv2%2Fproduct_tag&post=13672"}],"curies":[{"name":"wp","href":"https:\/\/api.w.org\/{rel}","templated":true}]}}