{"id":13616,"date":"2025-07-24T13:21:40","date_gmt":"2025-07-24T13:21:40","guid":{"rendered":"https:\/\/connectprint.md\/?post_type=product&#038;p=13616"},"modified":"2025-07-24T13:22:58","modified_gmt":"2025-07-24T13:22:58","slug":"roly-dogo-premium-unisex-165g-m2-bumbac","status":"publish","type":"product","link":"https:\/\/connectprint.md\/?product=roly-dogo-premium-unisex-165g-m2-bumbac","title":{"rendered":"Roly Dogo Premium Unisex 165g\/m2 bumbac"},"content":{"rendered":"<ul>\n<li>\n<p class=\"composition-text\" data-v-2af75268=\"\">Tricou din bumbac.<\/p>\n<\/li>\n<li class=\"composition-text\">Material: 100% bumbac cardat \u0219i tratament enzimatic, punct neted, 190 g\/m\u00b2<\/li>\n<li>\n<p class=\"composition-text\" data-v-2af75268=\"\">La culoarea gri melanj: 85% bumbac \/ 15% v\u00e2scoz\u0103.<\/p>\n<\/li>\n<li>\n<p class=\"observation-text\" data-v-2af75268=\"\">Etichet\u0103 deta\u0219abil\u0103.<\/p>\n<\/li>\n<li>\n<p class=\"observation-text\" data-v-2af75268=\"\">Disponibil \u00een m\u0103rimi pentru copii.<\/p>\n<\/li>\n<li>\n<p class=\"observation-text\" data-v-2af75268=\"\">Cus\u0103turi laterale \u00een m\u0103rimile pentru copii.<br \/>\nPachet \u2013 5buc\/cutie \u2013 50 buc<\/p>\n<\/li>\n<\/ul>\n","protected":false},"excerpt":{"rendered":"<table class=\"woocommerce-product-attributes shop_attributes table table-striped\">\n<tbody>\n<tr class=\"woocommerce-product-attributes-item woocommerce-product-attributes-item--attribute_pa_size\">\n<th class=\"woocommerce-product-attributes-item__label\">Dimensiune<\/th>\n<td class=\"woocommerce-product-attributes-item__value\">S, M, L, XL, 2XL<\/td>\n<\/tr>\n<tr class=\"woocommerce-product-attributes-item woocommerce-product-attributes-item--attribute_pa_color\">\n<th class=\"woocommerce-product-attributes-item__label\">Culoare<\/th>\n<td class=\"woocommerce-product-attributes-item__value\">Alb, Navy, Negru, Royal Blue<\/td>\n<\/tr>\n<tr class=\"woocommerce-product-attributes-item woocommerce-product-attributes-item--attribute_pa_personalizare\">\n<th class=\"woocommerce-product-attributes-item__label\">Personalizare<\/th>\n<td class=\"woocommerce-product-attributes-item__value\">DTF (Color), Fara personalizare, Serigrafie<\/td>\n<\/tr>\n<\/tbody>\n<\/table>\n","protected":false},"featured_media":13613,"comment_status":"closed","ping_status":"closed","template":"","meta":[],"product_brand":[],"product_cat":[15,71],"product_tag":[],"class_list":{"0":"post-13616","1":"product","2":"type-product","3":"status-publish","4":"has-post-thumbnail","6":"product_cat-fara-categorie","7":"product_cat-tricouri_si_hanorace","9":"first","10":"instock","11":"shipping-taxable","12":"purchasable","13":"product-type-variable","14":"has-default-attributes","15":"add-to-wishlist-after_add_to_cart"},"yoast_head":"<!-- This site is optimized with the Yoast SEO plugin v26.2 - https:\/\/yoast.com\/wordpress\/plugins\/seo\/ -->\n<title>Roly Dogo Premium Unisex 165g\/m2 bumbac - ConnectPRINT<\/title>\n<meta name=\"description\" content=\"STAFFORD. Tricou din bumbac 100% \/ 190 g\/m\u00b2\" \/>\n<meta name=\"robots\" content=\"index, follow, max-snippet:-1, max-image-preview:large, max-video-preview:-1\" \/>\n<link rel=\"canonical\" href=\"https:\/\/connectprint.md\/?product=roly-dogo-premium-unisex-165g-m2-bumbac\" \/>\n<meta property=\"og:locale\" content=\"ro_RO\" \/>\n<meta property=\"og:type\" content=\"article\" \/>\n<meta property=\"og:title\" content=\"Roly Dogo Premium Unisex 165g\/m2 bumbac - ConnectPRINT\" \/>\n<meta property=\"og:description\" content=\"STAFFORD. Tricou din bumbac 100% \/ 190 g\/m\u00b2\" \/>\n<meta property=\"og:url\" content=\"https:\/\/connectprint.md\/?product=roly-dogo-premium-unisex-165g-m2-bumbac\" \/>\n<meta property=\"og:site_name\" content=\"ConnectPRINT\" \/>\n<meta property=\"article:modified_time\" content=\"2025-07-24T13:22:58+00:00\" \/>\n<meta property=\"og:image\" content=\"https:\/\/connectprint.md\/wp-content\/uploads\/2025\/07\/STAFFORD.Tricou-din-bumbac-100-190-gm\u00b2-negru.png\" \/>\n\t<meta property=\"og:image:width\" content=\"541\" \/>\n\t<meta property=\"og:image:height\" content=\"588\" \/>\n\t<meta property=\"og:image:type\" content=\"image\/png\" \/>\n<meta name=\"twitter:card\" content=\"summary_large_image\" \/>\n<meta name=\"twitter:label1\" content=\"Timp estimat pentru citire\" \/>\n\t<meta name=\"twitter:data1\" content=\"1 minut\" \/>\n<script type=\"application\/ld+json\" class=\"yoast-schema-graph\">{\"@context\":\"https:\/\/schema.org\",\"@graph\":[{\"@type\":\"WebPage\",\"@id\":\"https:\/\/connectprint.md\/?product=roly-dogo-premium-unisex-165g-m2-bumbac\",\"url\":\"https:\/\/connectprint.md\/?product=roly-dogo-premium-unisex-165g-m2-bumbac\",\"name\":\"Roly Dogo Premium Unisex 165g\/m2 bumbac - ConnectPRINT\",\"isPartOf\":{\"@id\":\"https:\/\/connectprint.md\/#website\"},\"primaryImageOfPage\":{\"@id\":\"https:\/\/connectprint.md\/?product=roly-dogo-premium-unisex-165g-m2-bumbac#primaryimage\"},\"image\":{\"@id\":\"https:\/\/connectprint.md\/?product=roly-dogo-premium-unisex-165g-m2-bumbac#primaryimage\"},\"thumbnailUrl\":\"https:\/\/connectprint.md\/wp-content\/uploads\/2025\/07\/STAFFORD.Tricou-din-bumbac-100-190-gm\u00b2-negru.png\",\"datePublished\":\"2025-07-24T13:21:40+00:00\",\"dateModified\":\"2025-07-24T13:22:58+00:00\",\"description\":\"STAFFORD. Tricou din bumbac 100% \/ 190 g\/m\u00b2\",\"breadcrumb\":{\"@id\":\"https:\/\/connectprint.md\/?product=roly-dogo-premium-unisex-165g-m2-bumbac#breadcrumb\"},\"inLanguage\":\"ro-RO\",\"potentialAction\":[{\"@type\":\"ReadAction\",\"target\":[\"https:\/\/connectprint.md\/?product=roly-dogo-premium-unisex-165g-m2-bumbac\"]}]},{\"@type\":\"ImageObject\",\"inLanguage\":\"ro-RO\",\"@id\":\"https:\/\/connectprint.md\/?product=roly-dogo-premium-unisex-165g-m2-bumbac#primaryimage\",\"url\":\"https:\/\/connectprint.md\/wp-content\/uploads\/2025\/07\/STAFFORD.Tricou-din-bumbac-100-190-gm\u00b2-negru.png\",\"contentUrl\":\"https:\/\/connectprint.md\/wp-content\/uploads\/2025\/07\/STAFFORD.Tricou-din-bumbac-100-190-gm\u00b2-negru.png\",\"width\":541,\"height\":588},{\"@type\":\"BreadcrumbList\",\"@id\":\"https:\/\/connectprint.md\/?product=roly-dogo-premium-unisex-165g-m2-bumbac#breadcrumb\",\"itemListElement\":[{\"@type\":\"ListItem\",\"position\":1,\"name\":\"Prima pagin\u0103\",\"item\":\"https:\/\/connectprint.md\/\"},{\"@type\":\"ListItem\",\"position\":2,\"name\":\"Magazin\",\"item\":\"https:\/\/connectprint.md\/?page_id=6\"},{\"@type\":\"ListItem\",\"position\":3,\"name\":\"Roly Dogo Premium Unisex 165g\/m2 bumbac\"}]},{\"@type\":\"WebSite\",\"@id\":\"https:\/\/connectprint.md\/#website\",\"url\":\"https:\/\/connectprint.md\/\",\"name\":\"ConnectPRINT\",\"description\":\"\",\"publisher\":{\"@id\":\"https:\/\/connectprint.md\/#organization\"},\"potentialAction\":[{\"@type\":\"SearchAction\",\"target\":{\"@type\":\"EntryPoint\",\"urlTemplate\":\"https:\/\/connectprint.md\/?s={search_term_string}\"},\"query-input\":{\"@type\":\"PropertyValueSpecification\",\"valueRequired\":true,\"valueName\":\"search_term_string\"}}],\"inLanguage\":\"ro-RO\"},{\"@type\":\"Organization\",\"@id\":\"https:\/\/connectprint.md\/#organization\",\"name\":\"ConnectPRINT\",\"url\":\"https:\/\/connectprint.md\/\",\"logo\":{\"@type\":\"ImageObject\",\"inLanguage\":\"ro-RO\",\"@id\":\"https:\/\/connectprint.md\/#\/schema\/logo\/image\/\",\"url\":\"https:\/\/connectprint.md\/wp-content\/uploads\/2025\/07\/pentru-ico.png\",\"contentUrl\":\"https:\/\/connectprint.md\/wp-content\/uploads\/2025\/07\/pentru-ico.png\",\"width\":474,\"height\":526,\"caption\":\"ConnectPRINT\"},\"image\":{\"@id\":\"https:\/\/connectprint.md\/#\/schema\/logo\/image\/\"}}]}<\/script>\n<!-- \/ Yoast SEO plugin. -->","yoast_head_json":{"title":"Roly Dogo Premium Unisex 165g\/m2 bumbac - ConnectPRINT","description":"STAFFORD. Tricou din bumbac 100% \/ 190 g\/m\u00b2","robots":{"index":"index","follow":"follow","max-snippet":"max-snippet:-1","max-image-preview":"max-image-preview:large","max-video-preview":"max-video-preview:-1"},"canonical":"https:\/\/connectprint.md\/?product=roly-dogo-premium-unisex-165g-m2-bumbac","og_locale":"ro_RO","og_type":"article","og_title":"Roly Dogo Premium Unisex 165g\/m2 bumbac - ConnectPRINT","og_description":"STAFFORD. Tricou din bumbac 100% \/ 190 g\/m\u00b2","og_url":"https:\/\/connectprint.md\/?product=roly-dogo-premium-unisex-165g-m2-bumbac","og_site_name":"ConnectPRINT","article_modified_time":"2025-07-24T13:22:58+00:00","og_image":[{"width":541,"height":588,"url":"https:\/\/connectprint.md\/wp-content\/uploads\/2025\/07\/STAFFORD.Tricou-din-bumbac-100-190-gm\u00b2-negru.png","type":"image\/png"}],"twitter_card":"summary_large_image","twitter_misc":{"Timp estimat pentru citire":"1 minut"},"schema":{"@context":"https:\/\/schema.org","@graph":[{"@type":"WebPage","@id":"https:\/\/connectprint.md\/?product=roly-dogo-premium-unisex-165g-m2-bumbac","url":"https:\/\/connectprint.md\/?product=roly-dogo-premium-unisex-165g-m2-bumbac","name":"Roly Dogo Premium Unisex 165g\/m2 bumbac - ConnectPRINT","isPartOf":{"@id":"https:\/\/connectprint.md\/#website"},"primaryImageOfPage":{"@id":"https:\/\/connectprint.md\/?product=roly-dogo-premium-unisex-165g-m2-bumbac#primaryimage"},"image":{"@id":"https:\/\/connectprint.md\/?product=roly-dogo-premium-unisex-165g-m2-bumbac#primaryimage"},"thumbnailUrl":"https:\/\/connectprint.md\/wp-content\/uploads\/2025\/07\/STAFFORD.Tricou-din-bumbac-100-190-gm\u00b2-negru.png","datePublished":"2025-07-24T13:21:40+00:00","dateModified":"2025-07-24T13:22:58+00:00","description":"STAFFORD. Tricou din bumbac 100% \/ 190 g\/m\u00b2","breadcrumb":{"@id":"https:\/\/connectprint.md\/?product=roly-dogo-premium-unisex-165g-m2-bumbac#breadcrumb"},"inLanguage":"ro-RO","potentialAction":[{"@type":"ReadAction","target":["https:\/\/connectprint.md\/?product=roly-dogo-premium-unisex-165g-m2-bumbac"]}]},{"@type":"ImageObject","inLanguage":"ro-RO","@id":"https:\/\/connectprint.md\/?product=roly-dogo-premium-unisex-165g-m2-bumbac#primaryimage","url":"https:\/\/connectprint.md\/wp-content\/uploads\/2025\/07\/STAFFORD.Tricou-din-bumbac-100-190-gm\u00b2-negru.png","contentUrl":"https:\/\/connectprint.md\/wp-content\/uploads\/2025\/07\/STAFFORD.Tricou-din-bumbac-100-190-gm\u00b2-negru.png","width":541,"height":588},{"@type":"BreadcrumbList","@id":"https:\/\/connectprint.md\/?product=roly-dogo-premium-unisex-165g-m2-bumbac#breadcrumb","itemListElement":[{"@type":"ListItem","position":1,"name":"Prima pagin\u0103","item":"https:\/\/connectprint.md\/"},{"@type":"ListItem","position":2,"name":"Magazin","item":"https:\/\/connectprint.md\/?page_id=6"},{"@type":"ListItem","position":3,"name":"Roly Dogo Premium Unisex 165g\/m2 bumbac"}]},{"@type":"WebSite","@id":"https:\/\/connectprint.md\/#website","url":"https:\/\/connectprint.md\/","name":"ConnectPRINT","description":"","publisher":{"@id":"https:\/\/connectprint.md\/#organization"},"potentialAction":[{"@type":"SearchAction","target":{"@type":"EntryPoint","urlTemplate":"https:\/\/connectprint.md\/?s={search_term_string}"},"query-input":{"@type":"PropertyValueSpecification","valueRequired":true,"valueName":"search_term_string"}}],"inLanguage":"ro-RO"},{"@type":"Organization","@id":"https:\/\/connectprint.md\/#organization","name":"ConnectPRINT","url":"https:\/\/connectprint.md\/","logo":{"@type":"ImageObject","inLanguage":"ro-RO","@id":"https:\/\/connectprint.md\/#\/schema\/logo\/image\/","url":"https:\/\/connectprint.md\/wp-content\/uploads\/2025\/07\/pentru-ico.png","contentUrl":"https:\/\/connectprint.md\/wp-content\/uploads\/2025\/07\/pentru-ico.png","width":474,"height":526,"caption":"ConnectPRINT"},"image":{"@id":"https:\/\/connectprint.md\/#\/schema\/logo\/image\/"}}]}},"jetpack_sharing_enabled":true,"_links":{"self":[{"href":"https:\/\/connectprint.md\/index.php?rest_route=\/wp\/v2\/product\/13616","targetHints":{"allow":["GET"]}}],"collection":[{"href":"https:\/\/connectprint.md\/index.php?rest_route=\/wp\/v2\/product"}],"about":[{"href":"https:\/\/connectprint.md\/index.php?rest_route=\/wp\/v2\/types\/product"}],"replies":[{"embeddable":true,"href":"https:\/\/connectprint.md\/index.php?rest_route=%2Fwp%2Fv2%2Fcomments&post=13616"}],"wp:featuredmedia":[{"embeddable":true,"href":"https:\/\/connectprint.md\/index.php?rest_route=\/wp\/v2\/media\/13613"}],"wp:attachment":[{"href":"https:\/\/connectprint.md\/index.php?rest_route=%2Fwp%2Fv2%2Fmedia&parent=13616"}],"wp:term":[{"taxonomy":"product_brand","embeddable":true,"href":"https:\/\/connectprint.md\/index.php?rest_route=%2Fwp%2Fv2%2Fproduct_brand&post=13616"},{"taxonomy":"product_cat","embeddable":true,"href":"https:\/\/connectprint.md\/index.php?rest_route=%2Fwp%2Fv2%2Fproduct_cat&post=13616"},{"taxonomy":"product_tag","embeddable":true,"href":"https:\/\/connectprint.md\/index.php?rest_route=%2Fwp%2Fv2%2Fproduct_tag&post=13616"}],"curies":[{"name":"wp","href":"https:\/\/api.w.org\/{rel}","templated":true}]}}