{"id":13902,"date":"2025-08-20T18:41:03","date_gmt":"2025-08-20T18:41:03","guid":{"rendered":"https:\/\/connectprint.md\/?page_id=13902"},"modified":"2025-08-20T18:41:37","modified_gmt":"2025-08-20T18:41:37","slug":"despre-noi","status":"publish","type":"page","link":"https:\/\/connectprint.md\/?page_id=13902","title":{"rendered":"Despre noi"},"content":{"rendered":"\t\t<div data-elementor-type=\"wp-page\" data-elementor-id=\"13902\" class=\"elementor elementor-13902\" data-elementor-post-type=\"page\">\n\t\t\t\t<div class=\"elementor-element elementor-element-0945638 section-bg-gray-6 e-flex e-con-boxed wpr-particle-no wpr-jarallax-no wpr-parallax-no wpr-sticky-section-no e-con e-parent\" data-id=\"0945638\" data-element_type=\"container\">\n\t\t\t\t\t<div class=\"e-con-inner\">\n\t\t<div class=\"elementor-element elementor-element-dea1c15 e-con-full e-flex wpr-particle-no wpr-jarallax-no wpr-parallax-no wpr-sticky-section-no e-con e-child\" data-id=\"dea1c15\" data-element_type=\"container\">\n\t\t<div class=\"elementor-element elementor-element-5eacc22 e-con-full e-flex wpr-particle-no wpr-jarallax-no wpr-parallax-no wpr-sticky-section-no e-con e-child\" data-id=\"5eacc22\" data-element_type=\"container\">\n\t\t\t\t<div class=\"elementor-element elementor-element-eebb754 elementor-widget elementor-widget-haru-heading\" data-id=\"eebb754\" data-element_type=\"widget\" data-widget_type=\"haru-heading.default\">\n\t\t\t\t<div class=\"elementor-widget-container\">\n\t\t\t\t\t<h2 class=\"haru-heading-title haru-heading-title--heading-5\">CONNECT PRINT<\/h2>\t\t\t\t<\/div>\n\t\t\t\t<\/div>\n\t\t\t\t<div class=\"elementor-element elementor-element-e032d0a elementor-widget elementor-widget-haru-heading\" data-id=\"e032d0a\" data-element_type=\"widget\" data-widget_type=\"haru-heading.default\">\n\t\t\t\t<div class=\"elementor-widget-container\">\n\t\t\t\t\t<h2 class=\"haru-heading-title haru-heading-title--description-2\">La CONNECT PRINT suntem mai mult dec\u00e2t o agen\u021bie de publicitate \u2013 suntem partenerul t\u0103u creativ \u00een produc\u021bia de materiale promo\u021bionale \u0219i branding cu impact. Cu o gam\u0103 complet\u0103 de servicii, de la design grafic \u0219i imprimare publicitar\u0103 p\u00e2n\u0103 la personalizare textil\u0103, obiecte promo\u021bionale \u0219i solu\u021bii digitale, te ajut\u0103m s\u0103 comunici clar, memorabil \u0219i profesionist.\nFie c\u0103 ai nevoie de bro\u0219uri, bannere, roll-up-uri, tricouri personalizate, gravur\u0103 pe metal sau un site web adaptat brandului t\u0103u \u2013 noi transform\u0103m ideile \u00een produse tangibile, func\u021bionale \u0219i emo\u021bionante.\nCu un portofoliu vast \u0219i colabor\u0103ri interna\u021bionale, livr\u0103m produse promo\u021bionale de calitate, selectate atent din cataloage europene, personalizate p\u00e2n\u0103 la cel mai mic detaliu \u0219i livrate direct la biroul t\u0103u.<br><\/h2>\t\t\t\t<\/div>\n\t\t\t\t<\/div>\n\t\t\t\t<div class=\"elementor-element elementor-element-778f56c elementor-widget elementor-widget-haru-heading\" data-id=\"778f56c\" data-element_type=\"widget\" data-widget_type=\"haru-heading.default\">\n\t\t\t\t<div class=\"elementor-widget-container\">\n\t\t\t\t\t<h2 class=\"haru-heading-title haru-heading-title--heading-13\">\ud83c\udfaf Scopul nostru<\/h2>\t\t\t\t<\/div>\n\t\t\t\t<\/div>\n\t\t\t\t<div class=\"elementor-element elementor-element-db92dc5 elementor-widget elementor-widget-haru-heading\" data-id=\"db92dc5\" data-element_type=\"widget\" data-widget_type=\"haru-heading.default\">\n\t\t\t\t<div class=\"elementor-widget-container\">\n\t\t\t\t\t<h2 class=\"haru-heading-title haru-heading-title--description-2\">S\u0103 oferim solu\u021bii creative, eficiente \u0219i personalizate pentru promovarea brandurilor \u0219i evenimentelor, contribuind la consolidarea identit\u0103\u021bii vizuale \u0219i emo\u021bionale a clien\u021bilor no\u0219tri.<\/h2>\t\t\t\t<\/div>\n\t\t\t\t<\/div>\n\t\t\t\t<div class=\"elementor-element elementor-element-834f084 elementor-widget elementor-widget-haru-heading\" data-id=\"834f084\" data-element_type=\"widget\" data-widget_type=\"haru-heading.default\">\n\t\t\t\t<div class=\"elementor-widget-container\">\n\t\t\t\t\t<h2 class=\"haru-heading-title haru-heading-title--heading-13\">\ud83c\udf1f Misiunea CONNECT PRINT<\/h2>\t\t\t\t<\/div>\n\t\t\t\t<\/div>\n\t\t\t\t<div class=\"elementor-element elementor-element-78475b3 elementor-widget elementor-widget-haru-heading\" data-id=\"78475b3\" data-element_type=\"widget\" data-widget_type=\"haru-heading.default\">\n\t\t\t\t<div class=\"elementor-widget-container\">\n\t\t\t\t\t<h2 class=\"haru-heading-title haru-heading-title--description-2\">Misiunea noastr\u0103 este s\u0103 aducem la via\u021b\u0103 ideile clien\u021bilor prin servicii de print, design \u0219i produc\u021bie promo\u021bional\u0103 de \u00eenalt\u0103 calitate, oferind nu doar produse, ci experien\u021be vizuale care comunic\u0103, inspir\u0103 \u0219i las\u0103 o impresie durabil\u0103.<\/h2>\t\t\t\t<\/div>\n\t\t\t\t<\/div>\n\t\t\t\t<\/div>\n\t\t\t\t<\/div>\n\t\t<div class=\"elementor-element elementor-element-9f81aa9 e-con-full e-flex wpr-particle-no wpr-jarallax-no wpr-parallax-no wpr-sticky-section-no e-con e-child\" data-id=\"9f81aa9\" data-element_type=\"container\">\n\t\t\t\t<div class=\"elementor-element elementor-element-2c97be9 elementor-widget elementor-widget-haru-banner\" data-id=\"2c97be9\" data-element_type=\"widget\" data-widget_type=\"haru-banner.default\">\n\t\t\t\t<div class=\"elementor-widget-container\">\n\t\t\t\t\t\n                            <div class=\"haru-banner haru-banner--style-0 haru-banner--hover-scale\">\n                    \n\t\t\t<a class=\"\" href=\"https:\/\/printspace.harutheme.com\/art\/shop\/\" >\n\t\t\t\t<div class=\"haru-banner__image\">\n\t\t\t\t<img decoding=\"async\" src=\"https:\/\/printspace.harutheme.com\/art\/wp-content\/uploads\/2023\/09\/banner-4-about.jpg\" alt=\"ConnectPRINT\">\n\t\t\t<\/div>\n\t\t\t<\/a>\n\t\n\n\n\n\n\n\n\n\n\n\n\n\n\n\n\n\n                <\/div>\n            \n            \t\t\t\t<\/div>\n\t\t\t\t<\/div>\n\t\t\t\t<div class=\"elementor-element elementor-element-d1a5c10 elementor-widget elementor-widget-haru-banner\" data-id=\"d1a5c10\" data-element_type=\"widget\" data-widget_type=\"haru-banner.default\">\n\t\t\t\t<div class=\"elementor-widget-container\">\n\t\t\t\t\t\n                            <div class=\"haru-banner haru-banner--style-0 haru-banner--hover-scale\">\n                    \n\t\t\t<a class=\"\" href=\"https:\/\/printspace.harutheme.com\/art\/shop\/\" >\n\t\t\t\t<div class=\"haru-banner__image\">\n\t\t\t\t<img decoding=\"async\" src=\"https:\/\/printspace.harutheme.com\/art\/wp-content\/uploads\/2023\/09\/banner-4-about-2.jpg\" alt=\"ConnectPRINT\">\n\t\t\t<\/div>\n\t\t\t<\/a>\n\t\n\n\n\n\n\n\n\n\n\n\n\n\n\n\n\n\n                <\/div>\n            \n            \t\t\t\t<\/div>\n\t\t\t\t<\/div>\n\t\t\t\t<\/div>\n\t\t\t\t\t<\/div>\n\t\t\t\t<\/div>\n\t\t<div class=\"elementor-element elementor-element-ce79a0f e-flex e-con-boxed wpr-particle-no wpr-jarallax-no wpr-parallax-no wpr-sticky-section-no e-con e-parent\" data-id=\"ce79a0f\" data-element_type=\"container\">\n\t\t\t\t\t<div class=\"e-con-inner\">\n\t\t<div class=\"elementor-element elementor-element-c304e65 e-con-full e-flex wpr-particle-no wpr-jarallax-no wpr-parallax-no wpr-sticky-section-no e-con e-child\" data-id=\"c304e65\" data-element_type=\"container\">\n\t\t\t\t<div class=\"elementor-element elementor-element-0df3eff elementor-widget elementor-widget-haru-logo-showcase\" data-id=\"0df3eff\" data-element_type=\"widget\" data-widget_type=\"haru-logo-showcase.default\">\n\t\t\t\t<div class=\"elementor-widget-container\">\n\t\t\t\t\t\n                            <div class=\"haru-logo-showcase haru-logo-showcase--slick-2 haru-logo-showcase--\">\n                      \n      <ul class=\"haru-logo-showcase__quote haru-slick\" data-slick='{\"slidesToShow\" : 1, \"slidesToScroll\" : 1, \"arrows\" : false, \"infinite\" : false, \"fade\": true, \"centerMode\" : false, \"focusOnSelect\" : true, \"vertical\" : false, \"autoplay\": false, \"autoplaySpeed\": 3000, \"asNavFor\" : \".haru-logo-showcase__list\" }'>\n            <li class=\"haru-logo-showcase__quote-item\">\n        <div class=\"haru-logo-showcase__description\">\u201cWe've got custom Feedly in a range of fits and sizes, so everyone can wear your brand or message.\u201d<\/div>\n      <\/li>\n            <li class=\"haru-logo-showcase__quote-item\">\n        <div class=\"haru-logo-showcase__description\">\u201cWe've got custom Lattice in a range of fits and sizes, so everyone can wear your brand or message.\u201d<\/div>\n      <\/li>\n            <li class=\"haru-logo-showcase__quote-item\">\n        <div class=\"haru-logo-showcase__description\">\u201cWe've got custom Hopin in a range of fits and sizes, so everyone can wear your brand or message.\u201d<\/div>\n      <\/li>\n            <li class=\"haru-logo-showcase__quote-item\">\n        <div class=\"haru-logo-showcase__description\">\u201cWe've got custom Upwork in a range of fits and sizes, so everyone can wear your brand or message.\u201d<\/div>\n      <\/li>\n            <li class=\"haru-logo-showcase__quote-item\">\n        <div class=\"haru-logo-showcase__description\">\u201cWe've got custom Amazon in a range of fits and sizes, so everyone can wear your brand or message.\u201d<\/div>\n      <\/li>\n            <li class=\"haru-logo-showcase__quote-item\">\n        <div class=\"haru-logo-showcase__description\">\u201cWe've got custom Dribble in a range of fits and sizes, so everyone can wear your brand or message.\u201d<\/div>\n      <\/li>\n          <\/ul>\n\n    <ul class=\"haru-logo-showcase__list haru-slick haru-slick--nav-opacity haru-slick--nav-center\" data-slick='{\"slidesToShow\" : 6, \"slidesToScroll\" : 1, \"arrows\" : true, \"infinite\" : false, \"fade\": false, \"centerMode\" : false, \"focusOnSelect\" : true, \"vertical\" : false, \"autoplay\": false, \"autoplaySpeed\": 3000, \"asNavFor\" : \".haru-logo-showcase__quote\", \"responsive\" : [{\"breakpoint\" : 991,\"settings\" : {\"slidesToShow\" : 3, \"slidesToScroll\" : 1}}, {\"breakpoint\" : 767,\"settings\" : {\"slidesToShow\" : 2, \"slidesToScroll\" : 1}}] }'>\n              <li class=\"haru-logo-showcase__item-wrap\">\n          <div class=\"haru-logo-showcase__item haru-logo-showcase__hover-\">\n            <a href=\"javascript:;\">\n              <img decoding=\"async\" src=\"https:\/\/printspace.harutheme.com\/art\/wp-content\/uploads\/2023\/09\/logo-feedly-b.png\" class=\"haru-logo-showcase__image\" alt=\"Feedly\">\n            <\/a>\n          <\/div>\n        <\/li>\n              <li class=\"haru-logo-showcase__item-wrap\">\n          <div class=\"haru-logo-showcase__item haru-logo-showcase__hover-\">\n            <a href=\"javascript:;\">\n              <img decoding=\"async\" src=\"https:\/\/printspace.harutheme.com\/art\/wp-content\/uploads\/2023\/09\/logo-lattice-b.png\" class=\"haru-logo-showcase__image\" alt=\"Lattice\">\n            <\/a>\n          <\/div>\n        <\/li>\n              <li class=\"haru-logo-showcase__item-wrap\">\n          <div class=\"haru-logo-showcase__item haru-logo-showcase__hover-\">\n            <a href=\"javascript:;\">\n              <img decoding=\"async\" src=\"https:\/\/printspace.harutheme.com\/art\/wp-content\/uploads\/2023\/09\/logo-hopin-b.png\" class=\"haru-logo-showcase__image\" alt=\"Hopin\">\n            <\/a>\n          <\/div>\n        <\/li>\n              <li class=\"haru-logo-showcase__item-wrap\">\n          <div class=\"haru-logo-showcase__item haru-logo-showcase__hover-\">\n            <a href=\"javascript:;\">\n              <img decoding=\"async\" src=\"https:\/\/printspace.harutheme.com\/art\/wp-content\/uploads\/2023\/09\/logo-upwork-b.png\" class=\"haru-logo-showcase__image\" alt=\"Upwork\">\n            <\/a>\n          <\/div>\n        <\/li>\n              <li class=\"haru-logo-showcase__item-wrap\">\n          <div class=\"haru-logo-showcase__item haru-logo-showcase__hover-\">\n            <a href=\"javascript:;\">\n              <img decoding=\"async\" src=\"https:\/\/printspace.harutheme.com\/art\/wp-content\/uploads\/2023\/09\/logo-amazon-b.png\" class=\"haru-logo-showcase__image\" alt=\"Amazon\">\n            <\/a>\n          <\/div>\n        <\/li>\n              <li class=\"haru-logo-showcase__item-wrap\">\n          <div class=\"haru-logo-showcase__item haru-logo-showcase__hover-\">\n            <a href=\"javascript:;\">\n              <img decoding=\"async\" src=\"https:\/\/printspace.harutheme.com\/art\/wp-content\/uploads\/2023\/07\/logo-dribble.png\" class=\"haru-logo-showcase__image\" alt=\"Dribble\">\n            <\/a>\n          <\/div>\n        <\/li>\n          <\/ul>\n  \n                  <\/div>\n            \n            \t\t\t\t<\/div>\n\t\t\t\t<\/div>\n\t\t\t\t<\/div>\n\t\t\t\t\t<\/div>\n\t\t\t\t<\/div>\n\t\t\t\t<\/div>\n\t\t","protected":false},"excerpt":{"rendered":"<p>CONNECT PRINT La CONNECT PRINT suntem mai mult dec\u00e2t o agen\u021bie de publicitate \u2013 suntem partenerul t\u0103u creativ \u00een produc\u021bia de materiale promo\u021bionale \u0219i branding cu impact. Cu o gam\u0103 complet\u0103 de servicii, de la design grafic \u0219i imprimare publicitar\u0103 p\u00e2n\u0103 la personalizare textil\u0103, obiecte promo\u021bionale \u0219i solu\u021bii digitale, te ajut\u0103m s\u0103 comunici clar, memorabil \u0219i profesionist. Fie c\u0103 ai nevoie de bro\u0219uri, bannere, roll-up-uri, tricouri personalizate, gravur\u0103 pe metal sau un site web adaptat brandului t\u0103u \u2013 noi transform\u0103m ideile \u00een produse tangibile, func\u021bionale \u0219i emo\u021bionante. Cu un portofoliu vast \u0219i colabor\u0103ri interna\u021bionale, livr\u0103m produse promo\u021bionale de calitate, selectate atent din cataloage europene, personalizate p\u00e2n\u0103 la cel mai mic detaliu \u0219i livrate direct la biroul t\u0103u. \ud83c\udfaf Scopul nostru S\u0103 oferim solu\u021bii creative, eficiente \u0219i personalizate pentru promovarea brandurilor \u0219i evenimentelor, contribuind la consolidarea identit\u0103\u021bii vizuale \u0219i emo\u021bionale a clien\u021bilor no\u0219tri. \ud83c\udf1f Misiunea CONNECT PRINT Misiunea noastr\u0103 este s\u0103 aducem la via\u021b\u0103 ideile clien\u021bilor prin servicii de print, design \u0219i produc\u021bie promo\u021bional\u0103 de \u00eenalt\u0103 calitate, oferind nu doar produse, ci experien\u021be vizuale care comunic\u0103, inspir\u0103 \u0219i las\u0103 o impresie durabil\u0103. \u201cWe&#8217;ve got custom Feedly in a range of fits and sizes, so everyone can wear your brand or message.\u201d \u201cWe&#8217;ve got custom Lattice in a range of fits and sizes, so everyone can wear your brand or message.\u201d \u201cWe&#8217;ve got custom Hopin in a range of fits and sizes, so everyone can wear your brand or message.\u201d \u201cWe&#8217;ve got custom Upwork in a range of fits and sizes, so everyone can wear your brand or message.\u201d \u201cWe&#8217;ve got custom Amazon in a range of fits and sizes, so everyone can wear your brand or message.\u201d \u201cWe&#8217;ve got custom Dribble in a range of fits and sizes, so everyone can wear your brand or message.\u201d<\/p>\n","protected":false},"author":1,"featured_media":0,"parent":0,"menu_order":0,"comment_status":"closed","ping_status":"closed","template":"","meta":{"footnotes":""},"class_list":["post-13902","page","type-page","status-publish","hentry"],"yoast_head":"<!-- This site is optimized with the Yoast SEO plugin v26.2 - https:\/\/yoast.com\/wordpress\/plugins\/seo\/ -->\n<title>Despre noi - ConnectPRINT<\/title>\n<meta name=\"description\" content=\"despre noi. Cine suntem \u0219i cu ce ne ocup\u0103m\" \/>\n<meta name=\"robots\" content=\"index, follow, max-snippet:-1, max-image-preview:large, max-video-preview:-1\" \/>\n<link rel=\"canonical\" href=\"https:\/\/connectprint.md\/?page_id=13902\" \/>\n<meta property=\"og:locale\" content=\"ro_RO\" \/>\n<meta property=\"og:type\" content=\"article\" \/>\n<meta property=\"og:title\" content=\"Despre noi - ConnectPRINT\" \/>\n<meta property=\"og:description\" content=\"despre noi. Cine suntem \u0219i cu ce ne ocup\u0103m\" \/>\n<meta property=\"og:url\" content=\"https:\/\/connectprint.md\/?page_id=13902\" \/>\n<meta property=\"og:site_name\" content=\"ConnectPRINT\" \/>\n<meta property=\"article:modified_time\" content=\"2025-08-20T18:41:37+00:00\" \/>\n<meta property=\"og:image\" content=\"https:\/\/printspace.harutheme.com\/art\/wp-content\/uploads\/2023\/09\/banner-4-about.jpg\" \/>\n<meta name=\"twitter:card\" content=\"summary_large_image\" \/>\n<meta name=\"twitter:label1\" content=\"Timp estimat pentru citire\" \/>\n\t<meta name=\"twitter:data1\" content=\"4 minute\" \/>\n<script type=\"application\/ld+json\" class=\"yoast-schema-graph\">{\"@context\":\"https:\/\/schema.org\",\"@graph\":[{\"@type\":\"WebPage\",\"@id\":\"https:\/\/connectprint.md\/?page_id=13902\",\"url\":\"https:\/\/connectprint.md\/?page_id=13902\",\"name\":\"Despre noi - ConnectPRINT\",\"isPartOf\":{\"@id\":\"https:\/\/connectprint.md\/#website\"},\"primaryImageOfPage\":{\"@id\":\"https:\/\/connectprint.md\/?page_id=13902#primaryimage\"},\"image\":{\"@id\":\"https:\/\/connectprint.md\/?page_id=13902#primaryimage\"},\"thumbnailUrl\":\"https:\/\/printspace.harutheme.com\/art\/wp-content\/uploads\/2023\/09\/banner-4-about.jpg\",\"datePublished\":\"2025-08-20T18:41:03+00:00\",\"dateModified\":\"2025-08-20T18:41:37+00:00\",\"description\":\"despre noi. Cine suntem \u0219i cu ce ne ocup\u0103m\",\"breadcrumb\":{\"@id\":\"https:\/\/connectprint.md\/?page_id=13902#breadcrumb\"},\"inLanguage\":\"ro-RO\",\"potentialAction\":[{\"@type\":\"ReadAction\",\"target\":[\"https:\/\/connectprint.md\/?page_id=13902\"]}]},{\"@type\":\"ImageObject\",\"inLanguage\":\"ro-RO\",\"@id\":\"https:\/\/connectprint.md\/?page_id=13902#primaryimage\",\"url\":\"https:\/\/printspace.harutheme.com\/art\/wp-content\/uploads\/2023\/09\/banner-4-about.jpg\",\"contentUrl\":\"https:\/\/printspace.harutheme.com\/art\/wp-content\/uploads\/2023\/09\/banner-4-about.jpg\"},{\"@type\":\"BreadcrumbList\",\"@id\":\"https:\/\/connectprint.md\/?page_id=13902#breadcrumb\",\"itemListElement\":[{\"@type\":\"ListItem\",\"position\":1,\"name\":\"Prima pagin\u0103\",\"item\":\"https:\/\/connectprint.md\/\"},{\"@type\":\"ListItem\",\"position\":2,\"name\":\"Despre noi\"}]},{\"@type\":\"WebSite\",\"@id\":\"https:\/\/connectprint.md\/#website\",\"url\":\"https:\/\/connectprint.md\/\",\"name\":\"ConnectPRINT\",\"description\":\"\",\"publisher\":{\"@id\":\"https:\/\/connectprint.md\/#organization\"},\"potentialAction\":[{\"@type\":\"SearchAction\",\"target\":{\"@type\":\"EntryPoint\",\"urlTemplate\":\"https:\/\/connectprint.md\/?s={search_term_string}\"},\"query-input\":{\"@type\":\"PropertyValueSpecification\",\"valueRequired\":true,\"valueName\":\"search_term_string\"}}],\"inLanguage\":\"ro-RO\"},{\"@type\":\"Organization\",\"@id\":\"https:\/\/connectprint.md\/#organization\",\"name\":\"ConnectPRINT\",\"url\":\"https:\/\/connectprint.md\/\",\"logo\":{\"@type\":\"ImageObject\",\"inLanguage\":\"ro-RO\",\"@id\":\"https:\/\/connectprint.md\/#\/schema\/logo\/image\/\",\"url\":\"https:\/\/connectprint.md\/wp-content\/uploads\/2025\/07\/pentru-ico.png\",\"contentUrl\":\"https:\/\/connectprint.md\/wp-content\/uploads\/2025\/07\/pentru-ico.png\",\"width\":474,\"height\":526,\"caption\":\"ConnectPRINT\"},\"image\":{\"@id\":\"https:\/\/connectprint.md\/#\/schema\/logo\/image\/\"}}]}<\/script>\n<!-- \/ Yoast SEO plugin. -->","yoast_head_json":{"title":"Despre noi - ConnectPRINT","description":"despre noi. Cine suntem \u0219i cu ce ne ocup\u0103m","robots":{"index":"index","follow":"follow","max-snippet":"max-snippet:-1","max-image-preview":"max-image-preview:large","max-video-preview":"max-video-preview:-1"},"canonical":"https:\/\/connectprint.md\/?page_id=13902","og_locale":"ro_RO","og_type":"article","og_title":"Despre noi - ConnectPRINT","og_description":"despre noi. Cine suntem \u0219i cu ce ne ocup\u0103m","og_url":"https:\/\/connectprint.md\/?page_id=13902","og_site_name":"ConnectPRINT","article_modified_time":"2025-08-20T18:41:37+00:00","og_image":[{"url":"https:\/\/printspace.harutheme.com\/art\/wp-content\/uploads\/2023\/09\/banner-4-about.jpg","type":"","width":"","height":""}],"twitter_card":"summary_large_image","twitter_misc":{"Timp estimat pentru citire":"4 minute"},"schema":{"@context":"https:\/\/schema.org","@graph":[{"@type":"WebPage","@id":"https:\/\/connectprint.md\/?page_id=13902","url":"https:\/\/connectprint.md\/?page_id=13902","name":"Despre noi - ConnectPRINT","isPartOf":{"@id":"https:\/\/connectprint.md\/#website"},"primaryImageOfPage":{"@id":"https:\/\/connectprint.md\/?page_id=13902#primaryimage"},"image":{"@id":"https:\/\/connectprint.md\/?page_id=13902#primaryimage"},"thumbnailUrl":"https:\/\/printspace.harutheme.com\/art\/wp-content\/uploads\/2023\/09\/banner-4-about.jpg","datePublished":"2025-08-20T18:41:03+00:00","dateModified":"2025-08-20T18:41:37+00:00","description":"despre noi. Cine suntem \u0219i cu ce ne ocup\u0103m","breadcrumb":{"@id":"https:\/\/connectprint.md\/?page_id=13902#breadcrumb"},"inLanguage":"ro-RO","potentialAction":[{"@type":"ReadAction","target":["https:\/\/connectprint.md\/?page_id=13902"]}]},{"@type":"ImageObject","inLanguage":"ro-RO","@id":"https:\/\/connectprint.md\/?page_id=13902#primaryimage","url":"https:\/\/printspace.harutheme.com\/art\/wp-content\/uploads\/2023\/09\/banner-4-about.jpg","contentUrl":"https:\/\/printspace.harutheme.com\/art\/wp-content\/uploads\/2023\/09\/banner-4-about.jpg"},{"@type":"BreadcrumbList","@id":"https:\/\/connectprint.md\/?page_id=13902#breadcrumb","itemListElement":[{"@type":"ListItem","position":1,"name":"Prima pagin\u0103","item":"https:\/\/connectprint.md\/"},{"@type":"ListItem","position":2,"name":"Despre noi"}]},{"@type":"WebSite","@id":"https:\/\/connectprint.md\/#website","url":"https:\/\/connectprint.md\/","name":"ConnectPRINT","description":"","publisher":{"@id":"https:\/\/connectprint.md\/#organization"},"potentialAction":[{"@type":"SearchAction","target":{"@type":"EntryPoint","urlTemplate":"https:\/\/connectprint.md\/?s={search_term_string}"},"query-input":{"@type":"PropertyValueSpecification","valueRequired":true,"valueName":"search_term_string"}}],"inLanguage":"ro-RO"},{"@type":"Organization","@id":"https:\/\/connectprint.md\/#organization","name":"ConnectPRINT","url":"https:\/\/connectprint.md\/","logo":{"@type":"ImageObject","inLanguage":"ro-RO","@id":"https:\/\/connectprint.md\/#\/schema\/logo\/image\/","url":"https:\/\/connectprint.md\/wp-content\/uploads\/2025\/07\/pentru-ico.png","contentUrl":"https:\/\/connectprint.md\/wp-content\/uploads\/2025\/07\/pentru-ico.png","width":474,"height":526,"caption":"ConnectPRINT"},"image":{"@id":"https:\/\/connectprint.md\/#\/schema\/logo\/image\/"}}]}},"jetpack_sharing_enabled":true,"_links":{"self":[{"href":"https:\/\/connectprint.md\/index.php?rest_route=\/wp\/v2\/pages\/13902","targetHints":{"allow":["GET"]}}],"collection":[{"href":"https:\/\/connectprint.md\/index.php?rest_route=\/wp\/v2\/pages"}],"about":[{"href":"https:\/\/connectprint.md\/index.php?rest_route=\/wp\/v2\/types\/page"}],"author":[{"embeddable":true,"href":"https:\/\/connectprint.md\/index.php?rest_route=\/wp\/v2\/users\/1"}],"replies":[{"embeddable":true,"href":"https:\/\/connectprint.md\/index.php?rest_route=%2Fwp%2Fv2%2Fcomments&post=13902"}],"version-history":[{"count":1,"href":"https:\/\/connectprint.md\/index.php?rest_route=\/wp\/v2\/pages\/13902\/revisions"}],"predecessor-version":[{"id":13903,"href":"https:\/\/connectprint.md\/index.php?rest_route=\/wp\/v2\/pages\/13902\/revisions\/13903"}],"wp:attachment":[{"href":"https:\/\/connectprint.md\/index.php?rest_route=%2Fwp%2Fv2%2Fmedia&parent=13902"}],"curies":[{"name":"wp","href":"https:\/\/api.w.org\/{rel}","templated":true}]}}